{"id":2547,"date":"2024-04-11T09:12:16","date_gmt":"2024-04-11T07:12:16","guid":{"rendered":"https:\/\/bootshaus.inhetweb.nl\/?page_id=2547"},"modified":"2024-04-16T10:49:12","modified_gmt":"2024-04-16T08:49:12","slug":"boeking-campingplaats","status":"publish","type":"page","link":"https:\/\/campingambootshaus.de\/de\/boeking-campingplaats\/","title":{"rendered":"Boeking Campingplaats"},"content":{"rendered":"<div class=\"wpb-content-wrapper\"><div class=\"vc_row wpb_row vc_row-fluid\"><div class=\"wpb_column vc_column_container vc_col-sm-6\"><div class=\"vc_column-inner\"><div class=\"wpb_wrapper\"><div id=\"ultimate-heading-36269f70af732578\" class=\"uvc-heading ult-adjust-bottom-margin ultimate-heading-36269f70af732578 uvc-1332\" data-hspacer=\"no_spacer\"  data-halign=\"left\" style=\"text-align:left\"><div class=\"uvc-heading-spacer no_spacer\" style=\"top\"><\/div><div class=\"uvc-main-heading ult-responsive\"  data-ultimate-target='.uvc-heading.ultimate-heading-36269f70af732578 h2'  data-responsive-json-new='{\"font-size\":\"desktop:40px;\",\"line-height\":\"desktop:45px;\"}' ><h2 style=\"font-family:&#039;Great Vibes&#039;;--font-weight:theme;color:#f88a45;\">Stellplatz Wohnwagen\/Wohnmobile<\/h2><\/div><\/div>\n\t<div class=\"wpb_text_column wpb_content_element\" >\n\t\t<div class=\"wpb_wrapper\">\n\t\t\t<p>M\u00f6chten Sie mit Ihrem Wohnmobil oder Wohnwagen dem Alltag entfliehen? Dann buchen Sie Ihren Stellplatz bei Camping am Bootshaus! Auf unserer sch\u00f6nen gr\u00fcnen Wiese inmitten der Natur und direkt an der Weser gibt es viel Platz. Ideal f\u00fcr Naturliebhaber, Gruppen und Sportbegeisterte wie Kanufahrer, Radfahrer &amp; Wanderer. Auf dem Campingplatz finden Sie auch ein kleines Restaurant mit Terrasse, wo Sie eine leckere Tasse Kaffee, ein gutes Glas Wein oder ein frisch gezapftes, erfrischendes Bier genie\u00dfen k\u00f6nnen. Von Mittwoch bis Sonntag liefern wir Ihnen frische Br\u00f6tchen.\n\nGemeinsame Sanit\u00e4ranlagen - Parkplatz inklusive - Haustiere erlaubt<\/p>\n\n\t\t<\/div>\n\t<\/div>\n<div class=\"vc_empty_space\"   style=\"height: 32px\"><span class=\"vc_empty_space_inner\"><\/span><\/div><\/div><\/div><\/div><div class=\"wpb_column vc_column_container vc_col-sm-6\"><div class=\"vc_column-inner\"><div class=\"wpb_wrapper\"><style type=\"text\/css\" data-type=\"the7_shortcodes-inline-css\">.shortcode-single-image-wrap.shortcode-single-image-6b1f155814202c671583ac4bbcbcf7f3.enable-bg-rollover .rollover i,\n.shortcode-single-image-wrap.shortcode-single-image-6b1f155814202c671583ac4bbcbcf7f3.enable-bg-rollover .rollover-video i {\n  background: -webkit-linear-gradient();\n  background: linear-gradient();\n}\n.shortcode-single-image-wrap.shortcode-single-image-6b1f155814202c671583ac4bbcbcf7f3 .rollover-icon {\n  font-size: 32px;\n  color: #ffffff;\n  min-width: 44px;\n  min-height: 44px;\n  line-height: 44px;\n  border-radius: 100px;\n  border-style: solid;\n  border-width: 0px;\n}\n.dt-icon-bg-on.shortcode-single-image-wrap.shortcode-single-image-6b1f155814202c671583ac4bbcbcf7f3 .rollover-icon {\n  background: rgba(255,255,255,0.3);\n  box-shadow: none;\n}<\/style><div class=\"shortcode-single-image-wrap shortcode-single-image-6b1f155814202c671583ac4bbcbcf7f3 alignnone  enable-bg-rollover dt-icon-bg-off\" style=\"margin-top:0px; margin-bottom:0px; margin-left:0px; margin-right:0px; width:600px;\"><div class=\"shortcode-single-image\"><div class=\"fancy-media-wrap  layzr-bg\" style=\"\"><img fetchpriority=\"high\" decoding=\"async\" class=\"preload-me lazy-load aspect\" src=\"data:image\/svg+xml,%3Csvg%20xmlns%3D&#39;http%3A%2F%2Fwww.w3.org%2F2000%2Fsvg&#39;%20viewBox%3D&#39;0%200%20600%20500&#39;%2F%3E\" data-src=\"https:\/\/campingambootshaus.de\/wp-content\/uploads\/2024\/03\/Campingplaats-Camping-am-Bootshaus-3-600x500.jpg\" data-srcset=\"https:\/\/campingambootshaus.de\/wp-content\/uploads\/2024\/03\/Campingplaats-Camping-am-Bootshaus-3-600x500.jpg 600w, https:\/\/campingambootshaus.de\/wp-content\/uploads\/2024\/03\/Campingplaats-Camping-am-Bootshaus-3-1200x1000.jpg 1200w\" loading=\"eager\" sizes=\"(max-width: 600px) 100vw, 600px\" width=\"600\" height=\"500\"  data-dt-location=\"https:\/\/campingambootshaus.de\/de\/boeking-campingplaats\/campingplaats-camping-am-bootshaus-3\/\" style=\"--ratio: 600 \/ 500;\" alt=\"\" \/><\/div><\/div><\/div><div class=\"vc_empty_space\"   style=\"height: 32px\"><span class=\"vc_empty_space_inner\"><\/span><\/div><style type=\"text\/css\" data-type=\"the7_shortcodes-inline-css\">.gallery-carousel-shortcode.gallery-carousel-shortcode-id-7a94c2bc46a551eae64263a2d36146ab.owl-carousel .owl-nav div {\n  width: 36px;\n  height: 36px;\n  border-radius: 500px;\n}\n.dt-arrow-border-on.gallery-carousel-shortcode.gallery-carousel-shortcode-id-7a94c2bc46a551eae64263a2d36146ab.owl-carousel .owl-nav div:not(:hover):before {\n  border-width: 0px;\n}\n.dt-arrow-hover-border-on.gallery-carousel-shortcode.gallery-carousel-shortcode-id-7a94c2bc46a551eae64263a2d36146ab.owl-carousel .owl-nav div:hover:after {\n  border-width: 0px;\n}\n.gallery-carousel-shortcode.gallery-carousel-shortcode-id-7a94c2bc46a551eae64263a2d36146ab.owl-carousel .owl-nav div.owl-prev {\n  top: 50%;\n  transform: translateY(calc(-50% + 0px));\n  left: -43px;\n}\n@media all and (-ms-high-contrast: none) {\n  .gallery-carousel-shortcode.gallery-carousel-shortcode-id-7a94c2bc46a551eae64263a2d36146ab.owl-carousel .owl-nav div.owl-prev {\n    transform: translateY(-50%);\n    margin-top: 0px;\n  }\n}\n.gallery-carousel-shortcode.gallery-carousel-shortcode-id-7a94c2bc46a551eae64263a2d36146ab.owl-carousel .owl-nav div.owl-prev i {\n  padding: 0px 0px 0px 0px;\n}\n.gallery-carousel-shortcode.gallery-carousel-shortcode-id-7a94c2bc46a551eae64263a2d36146ab.owl-carousel .owl-nav div.owl-next {\n  top: 50%;\n  transform: translateY(calc(-50% + 0px));\n  right: -43px;\n}\n@media all and (-ms-high-contrast: none) {\n  .gallery-carousel-shortcode.gallery-carousel-shortcode-id-7a94c2bc46a551eae64263a2d36146ab.owl-carousel .owl-nav div.owl-next {\n    transform: translateY(-50%);\n    margin-top: 0px;\n  }\n}\n.gallery-carousel-shortcode.gallery-carousel-shortcode-id-7a94c2bc46a551eae64263a2d36146ab.owl-carousel .owl-nav div.owl-next i {\n  padding: 0px 0px 0px 0px;\n}\n.gallery-carousel-shortcode.gallery-carousel-shortcode-id-7a94c2bc46a551eae64263a2d36146ab.owl-carousel .owl-nav i {\n  font-size: 18px;\n}\n.gallery-carousel-shortcode.gallery-carousel-shortcode-id-7a94c2bc46a551eae64263a2d36146ab.owl-carousel .owl-nav div:not(:hover) i,\n.gallery-carousel-shortcode.gallery-carousel-shortcode-id-7a94c2bc46a551eae64263a2d36146ab.owl-carousel .owl-nav div:not(:hover) i:before {\n  color: #ffffff;\n  background: none;\n}\n.gallery-carousel-shortcode.gallery-carousel-shortcode-id-7a94c2bc46a551eae64263a2d36146ab.owl-carousel .owl-nav div:hover i,\n.gallery-carousel-shortcode.gallery-carousel-shortcode-id-7a94c2bc46a551eae64263a2d36146ab.owl-carousel .owl-nav div:hover i:before {\n  color: rgba(255,255,255,0.75);\n  background: none;\n}\n.gallery-carousel-shortcode.gallery-carousel-shortcode-id-7a94c2bc46a551eae64263a2d36146ab .owl-dots {\n  top: calc(100% + 20px);\n  left: 50%;\n  transform: translateX(calc(-50% + 0px));\n}\n@media all and (-ms-high-contrast: none) {\n  .gallery-carousel-shortcode.gallery-carousel-shortcode-id-7a94c2bc46a551eae64263a2d36146ab .owl-dots {\n    transform: translateX(-50%);\n    margin-left: 0px;\n  }\n}\n.gallery-carousel-shortcode.gallery-carousel-shortcode-id-7a94c2bc46a551eae64263a2d36146ab .owl-dot {\n  width: 10px;\n  height: 10px;\n  margin: 0 8px;\n}\n@media screen and (max-width: 778px) {\n  .gallery-carousel-shortcode.gallery-carousel-shortcode-id-7a94c2bc46a551eae64263a2d36146ab.hide-arrows .owl-nav a {\n    display: none;\n  }\n}\n@media screen and (max-width: 778px) {\n  .gallery-carousel-shortcode.gallery-carousel-shortcode-id-7a94c2bc46a551eae64263a2d36146ab.reposition-arrows .owl-nav .owl-prev {\n    top: 50%;\n    transform: translateY(calc(-50% + 0px));\n    left: 10px;\n  }\n  .gallery-carousel-shortcode.gallery-carousel-shortcode-id-7a94c2bc46a551eae64263a2d36146ab.reposition-arrows .owl-nav .owl-next {\n    top: 50%;\n    transform: translateY(calc(-50% + 0px));\n    right: 10px;\n  }\n}\n@media screen and (max-width: 778px) and all and (-ms-high-contrast: none) {\n  .gallery-carousel-shortcode.gallery-carousel-shortcode-id-7a94c2bc46a551eae64263a2d36146ab.reposition-arrows .owl-nav .owl-prev {\n    transform: translateY(-50%);\n    margin-top: 0px;\n  }\n}\n@media screen and (max-width: 778px) and all and (-ms-high-contrast: none) {\n  .gallery-carousel-shortcode.gallery-carousel-shortcode-id-7a94c2bc46a551eae64263a2d36146ab.reposition-arrows .owl-nav .owl-next {\n    transform: translateY(-50%);\n    margin-top: 0px;\n  }\n}\n.gallery-carousel-shortcode.gallery-carousel-shortcode-id-7a94c2bc46a551eae64263a2d36146ab figure,\n.gallery-carousel-shortcode.gallery-carousel-shortcode-id-7a94c2bc46a551eae64263a2d36146ab .rollover,\n.gallery-carousel-shortcode.gallery-carousel-shortcode-id-7a94c2bc46a551eae64263a2d36146ab img,\n.gallery-carousel-shortcode.gallery-carousel-shortcode-id-7a94c2bc46a551eae64263a2d36146ab .gallery-rollover {\n  border-radius: 0px;\n}\n.gallery-carousel-shortcode.gallery-carousel-shortcode-id-7a94c2bc46a551eae64263a2d36146ab.enable-bg-rollover .gallery-rollover {\n  background: -webkit-linear-gradient();\n  background: linear-gradient();\n}\n.gallery-carousel-shortcode.gallery-carousel-shortcode-id-7a94c2bc46a551eae64263a2d36146ab.enable-img-shadow .owl-stage-outer {\n  padding: 14px 0;\n}\n.gallery-carousel-shortcode.gallery-carousel-shortcode-id-7a94c2bc46a551eae64263a2d36146ab.enable-bg-rollover.hover-scale figure .rollover:after {\n  background: -webkit-linear-gradient();\n  background: linear-gradient();\n}\n.gallery-carousel-shortcode.gallery-carousel-shortcode-id-7a94c2bc46a551eae64263a2d36146ab.gallery-shortcode .gallery-zoom-ico {\n  width: 44px;\n  height: 44px;\n  line-height: 44px;\n  border-radius: 100px;\n  margin: -22px 0 0 -22px;\n  border-width: 0px;\n}\n.dt-icon-bg-on.gallery-carousel-shortcode.gallery-carousel-shortcode-id-7a94c2bc46a551eae64263a2d36146ab.gallery-shortcode .gallery-zoom-ico {\n  background: rgba(255,255,255,0.3);\n  box-shadow: none;\n}\n.gallery-carousel-shortcode.gallery-carousel-shortcode-id-7a94c2bc46a551eae64263a2d36146ab.gallery-shortcode .gallery-zoom-ico:before,\n.gallery-carousel-shortcode.gallery-carousel-shortcode-id-7a94c2bc46a551eae64263a2d36146ab.gallery-shortcode .gallery-zoom-ico span {\n  font-size: 32px;\n  line-height: 44px;\n  color: #ffffff;\n  background: none;\n}<\/style><div class=\"owl-carousel gallery-carousel-shortcode gallery-shortcode  dt-gallery-container dt-owl-carousel-call gallery-carousel-shortcode-id-7a94c2bc46a551eae64263a2d36146ab quick-scale-img enable-bg-rollover meta-info-off dt-arrow-border-on dt-arrow-hover-border-on bullets-small-dot-stroke reposition-arrows dt-icon-bg-off arrows-bg-on disable-arrows-hover-bg arrows-hover-bg-on  hover-fade\" data-scroll-mode=\"1\" data-col-num=\"3\" data-wide-col-num=\"3\" data-laptop-col=\"3\" data-h-tablet-columns-num=\"3\" data-v-tablet-columns-num=\"3\" data-phone-columns-num=\"3\" data-col-gap=\"10\" data-stage-padding=\"0\" data-speed=\"600\" data-autoplay=\"false\" data-autoplay_speed=\"6000\" data-arrows=\"true\" data-bullet=\"false\" data-next-icon=\"icon-ar-017-r\" data-prev-icon=\"icon-ar-017-l\" data-img-shadow-size=\"12px\" data-img-shadow-spread=\"3px\"><div data-post-id=\"2552\" data-date=\"2024-03-25T13:17:31+01:00\" data-name=\"Campingplaats Camping am Bootshaus\"><figure class=\"post\"><a href=\"https:\/\/campingambootshaus.de\/wp-content\/uploads\/2024\/03\/Campingplaats-Camping-am-Bootshaus.jpg\" class=\"rollover dt-pswp-item layzr-bg\" data-large_image_width=\"2304\" data-large_image_height=\"1536\" data-dt-img-description=\"\" title=\"Campingplaats Camping am Bootshaus\"><img decoding=\"async\" class=\"preload-me owl-lazy-load aspect\" src=\"data:image\/svg+xml,%3Csvg%20xmlns%3D&#39;http%3A%2F%2Fwww.w3.org%2F2000%2Fsvg&#39;%20viewBox%3D&#39;0%200%201536%201536&#39;%2F%3E\" data-src=\"https:\/\/campingambootshaus.de\/wp-content\/uploads\/2024\/03\/Campingplaats-Camping-am-Bootshaus-1536x1536.jpg\" data-srcset=\"https:\/\/campingambootshaus.de\/wp-content\/uploads\/2024\/03\/Campingplaats-Camping-am-Bootshaus-1536x1536.jpg 1536w\" loading=\"eager\" style=\"--ratio: 1536 \/ 1536\" sizes=\"(max-width: 1536px) 100vw, 1536px\" alt=\"\" width=\"1536\" height=\"1536\"  \/><span class=\"gallery-rollover\"><span class=\"gallery-zoom-ico icomoon-the7-font-the7-zoom-06\"><span><\/span><\/span><\/span><\/a><\/figure><\/div><div data-post-id=\"2551\" data-date=\"2024-03-25T13:17:29+01:00\" data-name=\"Campingplaats Camping am Bootshaus 2\"><figure class=\"post\"><a href=\"https:\/\/campingambootshaus.de\/wp-content\/uploads\/2024\/03\/Campingplaats-Camping-am-Bootshaus-2.jpg\" class=\"rollover dt-pswp-item layzr-bg\" data-large_image_width=\"2305\" data-large_image_height=\"1537\" data-dt-img-description=\"\" title=\"Campingplaats Camping am Bootshaus 2\"><img decoding=\"async\" class=\"preload-me owl-lazy-load aspect\" src=\"data:image\/svg+xml,%3Csvg%20xmlns%3D&#39;http%3A%2F%2Fwww.w3.org%2F2000%2Fsvg&#39;%20viewBox%3D&#39;0%200%201537%201537&#39;%2F%3E\" data-src=\"https:\/\/campingambootshaus.de\/wp-content\/uploads\/2024\/03\/Campingplaats-Camping-am-Bootshaus-2-1537x1537.jpg\" data-srcset=\"https:\/\/campingambootshaus.de\/wp-content\/uploads\/2024\/03\/Campingplaats-Camping-am-Bootshaus-2-1537x1537.jpg 1537w\" loading=\"eager\" style=\"--ratio: 1537 \/ 1537\" sizes=\"(max-width: 1537px) 100vw, 1537px\" alt=\"\" width=\"1537\" height=\"1537\"  \/><span class=\"gallery-rollover\"><span class=\"gallery-zoom-ico icomoon-the7-font-the7-zoom-06\"><span><\/span><\/span><\/span><\/a><\/figure><\/div><div data-post-id=\"2549\" data-date=\"2024-03-25T13:17:24+01:00\" data-name=\"Campingplaats Camping am Bootshaus 4\"><figure class=\"post\"><a href=\"https:\/\/campingambootshaus.de\/wp-content\/uploads\/2024\/03\/Campingplaats-Camping-am-Bootshaus-4.jpg\" class=\"rollover dt-pswp-item layzr-bg\" data-large_image_width=\"2305\" data-large_image_height=\"1537\" data-dt-img-description=\"\" title=\"Campingplaats Camping am Bootshaus 4\"><img decoding=\"async\" class=\"preload-me owl-lazy-load aspect\" src=\"data:image\/svg+xml,%3Csvg%20xmlns%3D&#39;http%3A%2F%2Fwww.w3.org%2F2000%2Fsvg&#39;%20viewBox%3D&#39;0%200%201537%201537&#39;%2F%3E\" data-src=\"https:\/\/campingambootshaus.de\/wp-content\/uploads\/2024\/03\/Campingplaats-Camping-am-Bootshaus-4-1537x1537.jpg\" data-srcset=\"https:\/\/campingambootshaus.de\/wp-content\/uploads\/2024\/03\/Campingplaats-Camping-am-Bootshaus-4-1537x1537.jpg 1537w\" loading=\"eager\" style=\"--ratio: 1537 \/ 1537\" sizes=\"(max-width: 1537px) 100vw, 1537px\" alt=\"\" width=\"1537\" height=\"1537\"  \/><span class=\"gallery-rollover\"><span class=\"gallery-zoom-ico icomoon-the7-font-the7-zoom-06\"><span><\/span><\/span><\/span><\/a><\/figure><\/div><\/div><\/div><\/div><\/div><\/div><div class=\"vc_row wpb_row vc_row-fluid\"><div class=\"wpb_column vc_column_container vc_col-sm-12\"><div class=\"vc_column-inner\"><div class=\"wpb_wrapper\"><div class=\"vc_empty_space\"   style=\"height: 132px\"><span class=\"vc_empty_space_inner\"><\/span><\/div><\/div><\/div><\/div><\/div><div class=\"vc_row wpb_row vc_row-fluid\"><div class=\"wpb_column vc_column_container vc_col-sm-12\"><div class=\"vc_column-inner\"><div class=\"wpb_wrapper\">\n\t<div class=\"wpb_raw_code wpb_raw_html wpb_content_element\" >\n\t\t<div class=\"wpb_wrapper\">\n\t\t\t        <div class=\"tommy-matrix\"\n             data-api-key=\"Bootshaus:e25a5ef7ae33ee0e289c768d2aa3e740f48ee7d7573d7ede415a6916256168b8\"\n             data-language='de'\n             data-accommodation='60079'\n             data-booking-url=\"\/de\/boeking-formulier\"\n             data-duration-type=\"plain\"\n        >\n        <\/div>\n        \n\t\t<\/div>\n\t<\/div>\n<\/div><\/div><\/div><\/div>\n<\/div>","protected":false},"excerpt":{"rendered":"<p>Campingplaats Heerlijk met u camper of caravan er tussen uit? Reserveer u plek bij Camping am Bootshaus! Er is genoeg plek op onze mooie groene weide midden in de natuur en direct aan rivier de Weser. Perfect voor natuurliefhebbers, groepen en sportievelingen zoals kano\u00ebrs, fietsers &amp; wandelaars. Op de camping vindt u ook een kleinschalig&hellip;<\/p>","protected":false},"author":1,"featured_media":0,"parent":0,"menu_order":0,"comment_status":"closed","ping_status":"closed","template":"","meta":{"_seopress_robots_primary_cat":"","_seopress_titles_title":"","_seopress_titles_desc":"","_seopress_robots_index":"","footnotes":""},"class_list":["post-2547","page","type-page","status-publish","hentry","description-off"],"_links":{"self":[{"href":"https:\/\/campingambootshaus.de\/de\/wp-json\/wp\/v2\/pages\/2547","targetHints":{"allow":["GET"]}}],"collection":[{"href":"https:\/\/campingambootshaus.de\/de\/wp-json\/wp\/v2\/pages"}],"about":[{"href":"https:\/\/campingambootshaus.de\/de\/wp-json\/wp\/v2\/types\/page"}],"author":[{"embeddable":true,"href":"https:\/\/campingambootshaus.de\/de\/wp-json\/wp\/v2\/users\/1"}],"replies":[{"embeddable":true,"href":"https:\/\/campingambootshaus.de\/de\/wp-json\/wp\/v2\/comments?post=2547"}],"version-history":[{"count":5,"href":"https:\/\/campingambootshaus.de\/de\/wp-json\/wp\/v2\/pages\/2547\/revisions"}],"predecessor-version":[{"id":2682,"href":"https:\/\/campingambootshaus.de\/de\/wp-json\/wp\/v2\/pages\/2547\/revisions\/2682"}],"wp:attachment":[{"href":"https:\/\/campingambootshaus.de\/de\/wp-json\/wp\/v2\/media?parent=2547"}],"curies":[{"name":"wp","href":"https:\/\/api.w.org\/{rel}","templated":true}]}}