{"id":1000,"date":"2021-01-20T14:53:22","date_gmt":"2021-01-20T13:53:22","guid":{"rendered":"https:\/\/bootshaus.inhetweb.nl\/?page_id=1000"},"modified":"2024-04-16T10:51:46","modified_gmt":"2024-04-16T08:51:46","slug":"omgeving","status":"publish","type":"page","link":"https:\/\/campingambootshaus.de\/de\/omgeving\/","title":{"rendered":"UMGEBUNG"},"content":{"rendered":"<div class=\"wpb-content-wrapper\"><div class=\"vc_row wpb_row vc_row-fluid\"><div class=\"wpb_column vc_column_container vc_col-sm-12\"><div class=\"vc_column-inner\"><div class=\"wpb_wrapper\"><div id=\"ultimate-heading-517769f4107e7d5ea\" class=\"uvc-heading ult-adjust-bottom-margin ultimate-heading-517769f4107e7d5ea uvc-1984\" data-hspacer=\"no_spacer\"  data-halign=\"left\" style=\"text-align:left\"><div class=\"uvc-heading-spacer no_spacer\" style=\"top\"><\/div><div class=\"uvc-main-heading ult-responsive\"  data-ultimate-target='.uvc-heading.ultimate-heading-517769f4107e7d5ea h2'  data-responsive-json-new='{\"font-size\":\"desktop:40px;\",\"line-height\":\"desktop:45px;\"}' ><h2 style=\"font-family:&#039;Great Vibes&#039;;--font-weight:theme;color:#f88a45;\">Willkommen in dieser<\/h2><\/div><div class=\"uvc-sub-heading ult-responsive\"  data-ultimate-target='.uvc-heading.ultimate-heading-517769f4107e7d5ea .uvc-sub-heading '  data-responsive-json-new='{\"font-size\":\"desktop:35px;\",\"line-height\":\"desktop:40px;\"}'  style=\"font-family:&#039;Poppins&#039;;font-weight:normal;color:#000000;margin-bottom:20px;\">Sch\u00f6nen Umgebung<\/div><\/div><\/div><\/div><\/div><\/div><div class=\"vc_row wpb_row vc_row-fluid\"><div class=\"wpb_column vc_column_container vc_col-sm-12\"><div class=\"vc_column-inner\"><div class=\"wpb_wrapper\"><div class=\"vc_empty_space\"   style=\"height: 50px\"><span class=\"vc_empty_space_inner\"><\/span><\/div><\/div><\/div><\/div><\/div><div class=\"vc_row wpb_row vc_row-fluid\"><div class=\"wpb_column vc_column_container vc_col-sm-8\"><div class=\"vc_column-inner\"><div class=\"wpb_wrapper\">\n\t<div class=\"wpb_text_column wpb_content_element\" >\n\t\t<div class=\"wpb_wrapper\">\n\t\t\t<p>Vor dem Campingplatz flie\u00dft die Weser mit ca. 7 km\/h. Die perfekte Gelegenheit, Kanu zu fahren, ein Boot zu mieten oder Stand Up Paddling zu \u00fcben.<\/p>\n<p>In der N\u00e4he des Campingplatzes gibt es viel Natur. Es gibt daher viele verschiedene Wanderrouten zwischen den Bergen und W\u00e4ldern, die sehr sch\u00f6n sind. Die Strecken f\u00fchren durch unterschiedliche Landschaften, entlang von Felsw\u00e4nden, durch W\u00e4lder und entlang der Weser. Sie m\u00f6chten die Region mit dem Fahrrad erkunden? Dann ist das nat\u00fcrlich auch m\u00f6glich. Es gibt auch verschiedene Fahrradrouten, die Sie teilweise entlang des Flusses f\u00fchren k\u00f6nnen. Der Radweg Weser-Radweg f\u00fchrt am Campingplatz vorbei und ist 520 km lang.<\/p>\n\n\t\t<\/div>\n\t<\/div>\n<\/div><\/div><\/div><div class=\"wpb_column vc_column_container vc_col-sm-4\"><div class=\"vc_column-inner\"><div class=\"wpb_wrapper\"><style type=\"text\/css\" data-type=\"the7_shortcodes-inline-css\">.shortcode-single-image-wrap.shortcode-single-image-7b0bcaba970395ec1fc98fa1f310b0f6.enable-bg-rollover .rollover i,\n.shortcode-single-image-wrap.shortcode-single-image-7b0bcaba970395ec1fc98fa1f310b0f6.enable-bg-rollover .rollover-video i {\n  background: -webkit-linear-gradient();\n  background: linear-gradient();\n}\n.shortcode-single-image-wrap.shortcode-single-image-7b0bcaba970395ec1fc98fa1f310b0f6 .rollover-icon {\n  font-size: 32px;\n  color: #ffffff;\n  min-width: 44px;\n  min-height: 44px;\n  line-height: 44px;\n  border-radius: 100px;\n  border-style: solid;\n  border-width: 0px;\n}\n.dt-icon-bg-on.shortcode-single-image-wrap.shortcode-single-image-7b0bcaba970395ec1fc98fa1f310b0f6 .rollover-icon {\n  background: rgba(255,255,255,0.3);\n  box-shadow: none;\n}<\/style><div class=\"shortcode-single-image-wrap shortcode-single-image-7b0bcaba970395ec1fc98fa1f310b0f6 alignnone  enable-bg-rollover dt-icon-bg-off\" style=\"margin-top:0px; margin-bottom:0px; margin-left:0px; margin-right:0px; width:500px;\"><div class=\"shortcode-single-image\"><div class=\"fancy-media-wrap  layzr-bg\" style=\"\"><img fetchpriority=\"high\" decoding=\"async\" class=\"preload-me lazy-load aspect\" src=\"data:image\/svg+xml,%3Csvg%20xmlns%3D&#39;http%3A%2F%2Fwww.w3.org%2F2000%2Fsvg&#39;%20viewBox%3D&#39;0%200%20500%20300&#39;%2F%3E\" data-src=\"https:\/\/campingambootshaus.de\/wp-content\/uploads\/2021\/10\/Afbeelding1-500x300.jpg\" data-srcset=\"https:\/\/campingambootshaus.de\/wp-content\/uploads\/2021\/10\/Afbeelding1-500x300.jpg 500w, https:\/\/campingambootshaus.de\/wp-content\/uploads\/2021\/10\/Afbeelding1-1000x600.jpg 1000w\" loading=\"eager\" sizes=\"(max-width: 500px) 100vw, 500px\" width=\"500\" height=\"300\"  data-dt-location=\"https:\/\/campingambootshaus.de\/de\/omgeving\/afbeelding1\/\" style=\"--ratio: 500 \/ 300;\" alt=\"\" \/><\/div><\/div><\/div><\/div><\/div><\/div><\/div><div class=\"vc_row wpb_row vc_row-fluid\"><div class=\"wpb_column vc_column_container vc_col-sm-12\"><div class=\"vc_column-inner\"><div class=\"wpb_wrapper\"><div class=\"vc_empty_space\"   style=\"height: 50px\"><span class=\"vc_empty_space_inner\"><\/span><\/div><\/div><\/div><\/div><\/div><div class=\"vc_row wpb_row vc_row-fluid\"><div class=\"wpb_column vc_column_container vc_col-sm-4\"><div class=\"vc_column-inner\"><div class=\"wpb_wrapper\"><style type=\"text\/css\" data-type=\"the7_shortcodes-inline-css\">.shortcode-single-image-wrap.shortcode-single-image-18c0537b0be92f2a8fd348fc0e1492fb.enable-bg-rollover .rollover i,\n.shortcode-single-image-wrap.shortcode-single-image-18c0537b0be92f2a8fd348fc0e1492fb.enable-bg-rollover .rollover-video i {\n  background: -webkit-linear-gradient();\n  background: linear-gradient();\n}\n.shortcode-single-image-wrap.shortcode-single-image-18c0537b0be92f2a8fd348fc0e1492fb .rollover-icon {\n  font-size: 32px;\n  color: #ffffff;\n  min-width: 44px;\n  min-height: 44px;\n  line-height: 44px;\n  border-radius: 100px;\n  border-style: solid;\n  border-width: 0px;\n}\n.dt-icon-bg-on.shortcode-single-image-wrap.shortcode-single-image-18c0537b0be92f2a8fd348fc0e1492fb .rollover-icon {\n  background: rgba(255,255,255,0.3);\n  box-shadow: none;\n}<\/style><div class=\"shortcode-single-image-wrap shortcode-single-image-18c0537b0be92f2a8fd348fc0e1492fb alignnone  enable-bg-rollover dt-icon-bg-off\" style=\"margin-top:0px; margin-bottom:0px; margin-left:0px; margin-right:0px; width:500px;\"><div class=\"shortcode-single-image\"><div class=\"fancy-media-wrap  layzr-bg\" style=\"\"><img decoding=\"async\" class=\"preload-me lazy-load aspect\" src=\"data:image\/svg+xml,%3Csvg%20xmlns%3D&#39;http%3A%2F%2Fwww.w3.org%2F2000%2Fsvg&#39;%20viewBox%3D&#39;0%200%20500%20300&#39;%2F%3E\" data-src=\"https:\/\/campingambootshaus.de\/wp-content\/uploads\/2021\/10\/Afbeelding-500x300.jpg\" data-srcset=\"https:\/\/campingambootshaus.de\/wp-content\/uploads\/2021\/10\/Afbeelding-500x300.jpg 500w, https:\/\/campingambootshaus.de\/wp-content\/uploads\/2021\/10\/Afbeelding-1000x600.jpg 1000w\" loading=\"eager\" sizes=\"(max-width: 500px) 100vw, 500px\" width=\"500\" height=\"300\"  data-dt-location=\"https:\/\/campingambootshaus.de\/de\/omgeving\/afbeelding\/\" style=\"--ratio: 500 \/ 300;\" alt=\"\" \/><\/div><\/div><\/div><\/div><\/div><\/div><div class=\"wpb_column vc_column_container vc_col-sm-8\"><div class=\"vc_column-inner\"><div class=\"wpb_wrapper\">\n\t<div class=\"wpb_text_column wpb_content_element\" >\n\t\t<div class=\"wpb_wrapper\">\n\t\t\t<p>In der Umgebung gibt es verschiedene Aktivit\u00e4ten und Sehensw\u00fcrdigkeiten wie: Weser Skywalk, Hugenottenmuseum, Weser Therme, Krukenburg, Museum Schloss F\u00fcrstenberg, SUP Weserbergland, Freibad Beverungen, Modellbundesbahn, Safariland, Hermansdenkmal, Adlerwarte Berlebeck, \u00d6lm\u00fchle \u00d6lm\u00fchle Solling und nat\u00fcrlich Kanufahren auf dem Campingplatz oder schwimmen.<\/p>\n<p>Binnen 4 minuten rijden zijn er verschillende supermarkten, apotheken en winkels in het dorp. Op 14 minuten rijden is het historische plaatsje\u00a0H\u00f6xter.\u00a0De grote steden zijn ca. 1 uur rijden en ook zeker de moeite waard: Kassel, G\u00f6ttingen, Bielefeld en Paderborn.<\/p>\n\n\t\t<\/div>\n\t<\/div>\n<\/div><\/div><\/div><\/div><div class=\"vc_row wpb_row vc_row-fluid\"><div class=\"wpb_column vc_column_container vc_col-sm-12\"><div class=\"vc_column-inner\"><div class=\"wpb_wrapper\"><div class=\"vc_empty_space\"   style=\"height: 50px\"><span class=\"vc_empty_space_inner\"><\/span><\/div><\/div><\/div><\/div><\/div><div class=\"vc_row wpb_row vc_row-fluid\"><div class=\"wpb_column vc_column_container vc_col-sm-12\"><div class=\"vc_column-inner\"><div class=\"wpb_wrapper\"><style type=\"text\/css\" data-type=\"the7_shortcodes-inline-css\">.gallery-carousel-shortcode.gallery-carousel-shortcode-id-18307a956d8e1fb50b4a4a0484b2ab21.owl-carousel .owl-nav div {\n  width: 36px;\n  height: 36px;\n  border-radius: 500px;\n}\n.dt-arrow-border-on.gallery-carousel-shortcode.gallery-carousel-shortcode-id-18307a956d8e1fb50b4a4a0484b2ab21.owl-carousel .owl-nav div:not(:hover):before {\n  border-width: 0px;\n}\n.dt-arrow-hover-border-on.gallery-carousel-shortcode.gallery-carousel-shortcode-id-18307a956d8e1fb50b4a4a0484b2ab21.owl-carousel .owl-nav div:hover:after {\n  border-width: 0px;\n}\n.gallery-carousel-shortcode.gallery-carousel-shortcode-id-18307a956d8e1fb50b4a4a0484b2ab21.owl-carousel .owl-nav div.owl-prev {\n  top: 50%;\n  transform: translateY(calc(-50% + 0px));\n  left: -43px;\n}\n@media all and (-ms-high-contrast: none) {\n  .gallery-carousel-shortcode.gallery-carousel-shortcode-id-18307a956d8e1fb50b4a4a0484b2ab21.owl-carousel .owl-nav div.owl-prev {\n    transform: translateY(-50%);\n    margin-top: 0px;\n  }\n}\n.gallery-carousel-shortcode.gallery-carousel-shortcode-id-18307a956d8e1fb50b4a4a0484b2ab21.owl-carousel .owl-nav div.owl-prev i {\n  padding: 0px 0px 0px 0px;\n}\n.gallery-carousel-shortcode.gallery-carousel-shortcode-id-18307a956d8e1fb50b4a4a0484b2ab21.owl-carousel .owl-nav div.owl-next {\n  top: 50%;\n  transform: translateY(calc(-50% + 0px));\n  right: -43px;\n}\n@media all and (-ms-high-contrast: none) {\n  .gallery-carousel-shortcode.gallery-carousel-shortcode-id-18307a956d8e1fb50b4a4a0484b2ab21.owl-carousel .owl-nav div.owl-next {\n    transform: translateY(-50%);\n    margin-top: 0px;\n  }\n}\n.gallery-carousel-shortcode.gallery-carousel-shortcode-id-18307a956d8e1fb50b4a4a0484b2ab21.owl-carousel .owl-nav div.owl-next i {\n  padding: 0px 0px 0px 0px;\n}\n.gallery-carousel-shortcode.gallery-carousel-shortcode-id-18307a956d8e1fb50b4a4a0484b2ab21.owl-carousel .owl-nav i {\n  font-size: 18px;\n}\n.gallery-carousel-shortcode.gallery-carousel-shortcode-id-18307a956d8e1fb50b4a4a0484b2ab21.owl-carousel .owl-nav div:not(:hover) i,\n.gallery-carousel-shortcode.gallery-carousel-shortcode-id-18307a956d8e1fb50b4a4a0484b2ab21.owl-carousel .owl-nav div:not(:hover) i:before {\n  color: #ffffff;\n  background: none;\n}\n.gallery-carousel-shortcode.gallery-carousel-shortcode-id-18307a956d8e1fb50b4a4a0484b2ab21.owl-carousel .owl-nav div:hover i,\n.gallery-carousel-shortcode.gallery-carousel-shortcode-id-18307a956d8e1fb50b4a4a0484b2ab21.owl-carousel .owl-nav div:hover i:before {\n  color: rgba(255,255,255,0.75);\n  background: none;\n}\n.gallery-carousel-shortcode.gallery-carousel-shortcode-id-18307a956d8e1fb50b4a4a0484b2ab21 .owl-dots {\n  top: calc(100% + 20px);\n  left: 50%;\n  transform: translateX(calc(-50% + 0px));\n}\n@media all and (-ms-high-contrast: none) {\n  .gallery-carousel-shortcode.gallery-carousel-shortcode-id-18307a956d8e1fb50b4a4a0484b2ab21 .owl-dots {\n    transform: translateX(-50%);\n    margin-left: 0px;\n  }\n}\n.gallery-carousel-shortcode.gallery-carousel-shortcode-id-18307a956d8e1fb50b4a4a0484b2ab21 .owl-dot {\n  width: 10px;\n  height: 10px;\n  margin: 0 8px;\n}\n@media screen and (max-width: 778px) {\n  .gallery-carousel-shortcode.gallery-carousel-shortcode-id-18307a956d8e1fb50b4a4a0484b2ab21.hide-arrows .owl-nav a {\n    display: none;\n  }\n}\n@media screen and (max-width: 778px) {\n  .gallery-carousel-shortcode.gallery-carousel-shortcode-id-18307a956d8e1fb50b4a4a0484b2ab21.reposition-arrows .owl-nav .owl-prev {\n    top: 50%;\n    transform: translateY(calc(-50% + 0px));\n    left: 10px;\n  }\n  .gallery-carousel-shortcode.gallery-carousel-shortcode-id-18307a956d8e1fb50b4a4a0484b2ab21.reposition-arrows .owl-nav .owl-next {\n    top: 50%;\n    transform: translateY(calc(-50% + 0px));\n    right: 10px;\n  }\n}\n@media screen and (max-width: 778px) and all and (-ms-high-contrast: none) {\n  .gallery-carousel-shortcode.gallery-carousel-shortcode-id-18307a956d8e1fb50b4a4a0484b2ab21.reposition-arrows .owl-nav .owl-prev {\n    transform: translateY(-50%);\n    margin-top: 0px;\n  }\n}\n@media screen and (max-width: 778px) and all and (-ms-high-contrast: none) {\n  .gallery-carousel-shortcode.gallery-carousel-shortcode-id-18307a956d8e1fb50b4a4a0484b2ab21.reposition-arrows .owl-nav .owl-next {\n    transform: translateY(-50%);\n    margin-top: 0px;\n  }\n}\n.gallery-carousel-shortcode.gallery-carousel-shortcode-id-18307a956d8e1fb50b4a4a0484b2ab21 figure,\n.gallery-carousel-shortcode.gallery-carousel-shortcode-id-18307a956d8e1fb50b4a4a0484b2ab21 .rollover,\n.gallery-carousel-shortcode.gallery-carousel-shortcode-id-18307a956d8e1fb50b4a4a0484b2ab21 img,\n.gallery-carousel-shortcode.gallery-carousel-shortcode-id-18307a956d8e1fb50b4a4a0484b2ab21 .gallery-rollover {\n  border-radius: 0px;\n}\n.gallery-carousel-shortcode.gallery-carousel-shortcode-id-18307a956d8e1fb50b4a4a0484b2ab21.enable-bg-rollover .gallery-rollover {\n  background: -webkit-linear-gradient();\n  background: linear-gradient();\n}\n.gallery-carousel-shortcode.gallery-carousel-shortcode-id-18307a956d8e1fb50b4a4a0484b2ab21.enable-img-shadow .owl-stage-outer {\n  padding: 14px 0;\n}\n.gallery-carousel-shortcode.gallery-carousel-shortcode-id-18307a956d8e1fb50b4a4a0484b2ab21.enable-bg-rollover.hover-scale figure .rollover:after {\n  background: -webkit-linear-gradient();\n  background: linear-gradient();\n}\n.gallery-carousel-shortcode.gallery-carousel-shortcode-id-18307a956d8e1fb50b4a4a0484b2ab21.gallery-shortcode .gallery-zoom-ico {\n  width: 44px;\n  height: 44px;\n  line-height: 44px;\n  border-radius: 100px;\n  margin: -22px 0 0 -22px;\n  border-width: 0px;\n}\n.dt-icon-bg-on.gallery-carousel-shortcode.gallery-carousel-shortcode-id-18307a956d8e1fb50b4a4a0484b2ab21.gallery-shortcode .gallery-zoom-ico {\n  background: rgba(255,255,255,0.3);\n  box-shadow: none;\n}\n.gallery-carousel-shortcode.gallery-carousel-shortcode-id-18307a956d8e1fb50b4a4a0484b2ab21.gallery-shortcode .gallery-zoom-ico:before,\n.gallery-carousel-shortcode.gallery-carousel-shortcode-id-18307a956d8e1fb50b4a4a0484b2ab21.gallery-shortcode .gallery-zoom-ico span {\n  font-size: 32px;\n  line-height: 44px;\n  color: #ffffff;\n  background: none;\n}<\/style><div class=\"owl-carousel gallery-carousel-shortcode gallery-shortcode  dt-gallery-container dt-owl-carousel-call gallery-carousel-shortcode-id-18307a956d8e1fb50b4a4a0484b2ab21 quick-scale-img enable-bg-rollover meta-info-off dt-arrow-border-on dt-arrow-hover-border-on bullets-small-dot-stroke reposition-arrows dt-icon-bg-off arrows-bg-on disable-arrows-hover-bg arrows-hover-bg-on  hover-fade\" data-scroll-mode=\"1\" data-col-num=\"6\" data-wide-col-num=\"6\" data-laptop-col=\"5\" data-h-tablet-columns-num=\"4\" data-v-tablet-columns-num=\"3\" data-phone-columns-num=\"1\" data-col-gap=\"10\" data-stage-padding=\"0\" data-speed=\"600\" data-autoplay=\"false\" data-autoplay_speed=\"6000\" data-arrows=\"true\" data-bullet=\"false\" data-next-icon=\"icon-ar-017-r\" data-prev-icon=\"icon-ar-017-l\" data-img-shadow-size=\"12px\" data-img-shadow-spread=\"3px\"><div data-post-id=\"2470\" data-date=\"2024-02-26T11:00:17+01:00\" data-name=\"Camping_am_bootshaus_mist\"><figure class=\"post\"><a href=\"https:\/\/campingambootshaus.de\/wp-content\/uploads\/2024\/02\/Camping_am_bootshaus_mist-scaled.jpg\" class=\"rollover dt-pswp-item layzr-bg\" data-large_image_width=\"2560\" data-large_image_height=\"1920\" data-dt-img-description=\"\" title=\"Camping_am_bootshaus_mist\"><img decoding=\"async\" class=\"preload-me owl-lazy-load aspect\" src=\"data:image\/svg+xml,%3Csvg%20xmlns%3D&#39;http%3A%2F%2Fwww.w3.org%2F2000%2Fsvg&#39;%20viewBox%3D&#39;0%200%201920%201920&#39;%2F%3E\" data-src=\"https:\/\/campingambootshaus.de\/wp-content\/uploads\/2024\/02\/Camping_am_bootshaus_mist-scaled-1920x1920.jpg\" data-srcset=\"https:\/\/campingambootshaus.de\/wp-content\/uploads\/2024\/02\/Camping_am_bootshaus_mist-scaled-1920x1920.jpg 1920w\" loading=\"eager\" style=\"--ratio: 1920 \/ 1920\" sizes=\"(max-width: 1920px) 100vw, 1920px\" alt=\"\" width=\"1920\" height=\"1920\"  \/><span class=\"gallery-rollover\"><span class=\"gallery-zoom-ico icomoon-the7-font-the7-zoom-06\"><span><\/span><\/span><\/span><\/a><\/figure><\/div><div data-post-id=\"1572\" data-date=\"2021-10-05T14:55:07+02:00\" data-name=\"\"><figure class=\"post\"><a href=\"https:\/\/campingambootshaus.de\/wp-content\/uploads\/2021\/10\/Afbeelding3-scaled.jpg\" class=\"rollover dt-pswp-item layzr-bg\" data-large_image_width=\"1920\" data-large_image_height=\"2560\" data-dt-img-description=\"\" ><img decoding=\"async\" class=\"preload-me owl-lazy-load aspect\" src=\"data:image\/svg+xml,%3Csvg%20xmlns%3D&#39;http%3A%2F%2Fwww.w3.org%2F2000%2Fsvg&#39;%20viewBox%3D&#39;0%200%201920%201920&#39;%2F%3E\" data-src=\"https:\/\/campingambootshaus.de\/wp-content\/uploads\/2021\/10\/Afbeelding3-scaled-1920x1920.jpg\" data-srcset=\"https:\/\/campingambootshaus.de\/wp-content\/uploads\/2021\/10\/Afbeelding3-scaled-1920x1920.jpg 1920w\" loading=\"eager\" style=\"--ratio: 1920 \/ 1920\" sizes=\"(max-width: 1920px) 100vw, 1920px\" alt=\"\" width=\"1920\" height=\"1920\"  \/><span class=\"gallery-rollover\"><span class=\"gallery-zoom-ico icomoon-the7-font-the7-zoom-06\"><span><\/span><\/span><\/span><\/a><\/figure><\/div><div data-post-id=\"1573\" data-date=\"2021-10-05T14:55:20+02:00\" data-name=\"\"><figure class=\"post\"><a href=\"https:\/\/campingambootshaus.de\/wp-content\/uploads\/2021\/10\/Afbeelding2.jpg\" class=\"rollover dt-pswp-item layzr-bg\" data-large_image_width=\"1301\" data-large_image_height=\"820\" data-dt-img-description=\"\" ><img decoding=\"async\" class=\"preload-me owl-lazy-load aspect\" src=\"data:image\/svg+xml,%3Csvg%20xmlns%3D&#39;http%3A%2F%2Fwww.w3.org%2F2000%2Fsvg&#39;%20viewBox%3D&#39;0%200%20820%20820&#39;%2F%3E\" data-src=\"https:\/\/campingambootshaus.de\/wp-content\/uploads\/2021\/10\/Afbeelding2-820x820.jpg\" data-srcset=\"https:\/\/campingambootshaus.de\/wp-content\/uploads\/2021\/10\/Afbeelding2-820x820.jpg 820w\" loading=\"eager\" style=\"--ratio: 820 \/ 820\" sizes=\"(max-width: 820px) 100vw, 820px\" alt=\"\" width=\"820\" height=\"820\"  \/><span class=\"gallery-rollover\"><span class=\"gallery-zoom-ico icomoon-the7-font-the7-zoom-06\"><span><\/span><\/span><\/span><\/a><\/figure><\/div><div data-post-id=\"2471\" data-date=\"2024-02-26T11:00:21+01:00\" data-name=\"Dieren_campingambootshaus\"><figure class=\"post\"><a href=\"https:\/\/campingambootshaus.de\/wp-content\/uploads\/2024\/02\/Dieren_campingambootshaus-scaled.jpg\" class=\"rollover dt-pswp-item layzr-bg\" data-large_image_width=\"1920\" data-large_image_height=\"2560\" data-dt-img-description=\"\" title=\"Dieren_campingambootshaus\"><img decoding=\"async\" class=\"preload-me owl-lazy-load aspect\" src=\"data:image\/svg+xml,%3Csvg%20xmlns%3D&#39;http%3A%2F%2Fwww.w3.org%2F2000%2Fsvg&#39;%20viewBox%3D&#39;0%200%201920%201920&#39;%2F%3E\" data-src=\"https:\/\/campingambootshaus.de\/wp-content\/uploads\/2024\/02\/Dieren_campingambootshaus-scaled-1920x1920.jpg\" data-srcset=\"https:\/\/campingambootshaus.de\/wp-content\/uploads\/2024\/02\/Dieren_campingambootshaus-scaled-1920x1920.jpg 1920w\" loading=\"eager\" style=\"--ratio: 1920 \/ 1920\" sizes=\"(max-width: 1920px) 100vw, 1920px\" alt=\"\" width=\"1920\" height=\"1920\"  \/><span class=\"gallery-rollover\"><span class=\"gallery-zoom-ico icomoon-the7-font-the7-zoom-06\"><span><\/span><\/span><\/span><\/a><\/figure><\/div><div data-post-id=\"1576\" data-date=\"2021-10-05T14:55:34+02:00\" data-name=\"\"><figure class=\"post\"><a href=\"https:\/\/campingambootshaus.de\/wp-content\/uploads\/2021\/10\/CAMPING.jpg\" class=\"rollover dt-pswp-item layzr-bg\" data-large_image_width=\"720\" data-large_image_height=\"960\" data-dt-img-description=\"\" ><img decoding=\"async\" class=\"preload-me owl-lazy-load aspect\" src=\"data:image\/svg+xml,%3Csvg%20xmlns%3D&#39;http%3A%2F%2Fwww.w3.org%2F2000%2Fsvg&#39;%20viewBox%3D&#39;0%200%20720%20720&#39;%2F%3E\" data-src=\"https:\/\/campingambootshaus.de\/wp-content\/uploads\/2021\/10\/CAMPING-720x720.jpg\" data-srcset=\"https:\/\/campingambootshaus.de\/wp-content\/uploads\/2021\/10\/CAMPING-720x720.jpg 720w\" loading=\"eager\" style=\"--ratio: 720 \/ 720\" sizes=\"(max-width: 720px) 100vw, 720px\" alt=\"\" width=\"720\" height=\"720\"  \/><span class=\"gallery-rollover\"><span class=\"gallery-zoom-ico icomoon-the7-font-the7-zoom-06\"><span><\/span><\/span><\/span><\/a><\/figure><\/div><div data-post-id=\"1571\" data-date=\"2021-10-05T14:54:16+02:00\" data-name=\"\"><figure class=\"post\"><a href=\"https:\/\/campingambootshaus.de\/wp-content\/uploads\/2021\/10\/GRUSSE-AUS.jpg\" class=\"rollover dt-pswp-item layzr-bg\" data-large_image_width=\"1537\" data-large_image_height=\"2049\" data-dt-img-description=\"\" ><img decoding=\"async\" class=\"preload-me owl-lazy-load aspect\" src=\"data:image\/svg+xml,%3Csvg%20xmlns%3D&#39;http%3A%2F%2Fwww.w3.org%2F2000%2Fsvg&#39;%20viewBox%3D&#39;0%200%201537%201537&#39;%2F%3E\" data-src=\"https:\/\/campingambootshaus.de\/wp-content\/uploads\/2021\/10\/GRUSSE-AUS-1537x1537.jpg\" data-srcset=\"https:\/\/campingambootshaus.de\/wp-content\/uploads\/2021\/10\/GRUSSE-AUS-1537x1537.jpg 1537w\" loading=\"eager\" style=\"--ratio: 1537 \/ 1537\" sizes=\"(max-width: 1537px) 100vw, 1537px\" alt=\"\" width=\"1537\" height=\"1537\"  \/><span class=\"gallery-rollover\"><span class=\"gallery-zoom-ico icomoon-the7-font-the7-zoom-06\"><span><\/span><\/span><\/span><\/a><\/figure><\/div><\/div><\/div><\/div><\/div><\/div>\n<\/div>","protected":false},"excerpt":{"rendered":"<p>Welkom in dezePrachtige omgeving Voor de camping stroomt de rivier de Weser met ongeveer 7 km per uur. De perfecte kans om te gaan kano\u00ebn, een bootje te huren of om stand up paddling te oefenen. In de omgeving van de camping is veel natuur te vinden. Er zijn dan ook veel verschillende wandelroutes tussen&hellip;<\/p>","protected":false},"author":1,"featured_media":0,"parent":0,"menu_order":0,"comment_status":"closed","ping_status":"closed","template":"","meta":{"_seopress_robots_primary_cat":"","_seopress_titles_title":"","_seopress_titles_desc":"","_seopress_robots_index":"","footnotes":""},"class_list":["post-1000","page","type-page","status-publish","hentry","description-off"],"_links":{"self":[{"href":"https:\/\/campingambootshaus.de\/de\/wp-json\/wp\/v2\/pages\/1000","targetHints":{"allow":["GET"]}}],"collection":[{"href":"https:\/\/campingambootshaus.de\/de\/wp-json\/wp\/v2\/pages"}],"about":[{"href":"https:\/\/campingambootshaus.de\/de\/wp-json\/wp\/v2\/types\/page"}],"author":[{"embeddable":true,"href":"https:\/\/campingambootshaus.de\/de\/wp-json\/wp\/v2\/users\/1"}],"replies":[{"embeddable":true,"href":"https:\/\/campingambootshaus.de\/de\/wp-json\/wp\/v2\/comments?post=1000"}],"version-history":[{"count":16,"href":"https:\/\/campingambootshaus.de\/de\/wp-json\/wp\/v2\/pages\/1000\/revisions"}],"predecessor-version":[{"id":2667,"href":"https:\/\/campingambootshaus.de\/de\/wp-json\/wp\/v2\/pages\/1000\/revisions\/2667"}],"wp:attachment":[{"href":"https:\/\/campingambootshaus.de\/de\/wp-json\/wp\/v2\/media?parent=1000"}],"curies":[{"name":"wp","href":"https:\/\/api.w.org\/{rel}","templated":true}]}}